{"id":809,"date":"2021-08-09T11:49:50","date_gmt":"2021-08-09T11:49:50","guid":{"rendered":"https:\/\/www.kasiafilar.com\/?page_id=809"},"modified":"2021-08-12T13:57:23","modified_gmt":"2021-08-12T13:57:23","slug":"regulamin-sprzedazy","status":"publish","type":"page","link":"https:\/\/www.kasiafilar.com\/index.php\/regulamin-sprzedazy\/","title":{"rendered":"Regulamin sprzeda\u017cy"},"content":{"rendered":"\t\t<div data-elementor-type=\"wp-page\" data-elementor-id=\"809\" class=\"elementor elementor-809\">\n\t\t\t\t\t\t\t\t\t<section class=\"elementor-section elementor-top-section elementor-element elementor-element-005ae48 elementor-section-boxed elementor-section-height-default elementor-section-height-default\" data-id=\"005ae48\" data-element_type=\"section\">\n\t\t\t\t\t\t<div class=\"elementor-container elementor-column-gap-default\">\n\t\t\t\t\t<div class=\"elementor-column elementor-col-100 elementor-top-column elementor-element elementor-element-6617886\" data-id=\"6617886\" data-element_type=\"column\">\n\t\t\t<div class=\"elementor-widget-wrap elementor-element-populated\">\n\t\t\t\t\t\t\t\t<div class=\"elementor-element elementor-element-948e8b5 elementor-widget elementor-widget-heading\" data-id=\"948e8b5\" data-element_type=\"widget\" data-widget_type=\"heading.default\">\n\t\t\t\t<div class=\"elementor-widget-container\">\n\t\t\t<h2 class=\"elementor-heading-title elementor-size-default\">Regulamin sprzeda\u017cy<\/h2>\t\t<\/div>\n\t\t\t\t<\/div>\n\t\t\t\t\t<\/div>\n\t\t<\/div>\n\t\t\t\t\t\t\t<\/div>\n\t\t<\/section>\n\t\t\t\t<section class=\"elementor-section elementor-top-section elementor-element elementor-element-8cc63cc elementor-section-boxed elementor-section-height-default elementor-section-height-default\" data-id=\"8cc63cc\" data-element_type=\"section\">\n\t\t\t\t\t\t<div class=\"elementor-container elementor-column-gap-default\">\n\t\t\t\t\t<div class=\"elementor-column elementor-col-100 elementor-top-column elementor-element elementor-element-7693aa2\" data-id=\"7693aa2\" data-element_type=\"column\">\n\t\t\t<div class=\"elementor-widget-wrap\">\n\t\t\t\t\t\t\t\t\t<\/div>\n\t\t<\/div>\n\t\t\t\t\t\t\t<\/div>\n\t\t<\/section>\n\t\t\t\t<section class=\"elementor-section elementor-top-section elementor-element elementor-element-8937076 elementor-section-boxed elementor-section-height-default elementor-section-height-default\" data-id=\"8937076\" data-element_type=\"section\">\n\t\t\t\t\t\t<div class=\"elementor-container elementor-column-gap-default\">\n\t\t\t\t\t<div class=\"elementor-column elementor-col-100 elementor-top-column elementor-element elementor-element-3aa7cf8\" data-id=\"3aa7cf8\" data-element_type=\"column\">\n\t\t\t<div class=\"elementor-widget-wrap elementor-element-populated\">\n\t\t\t\t\t\t\t\t<div class=\"elementor-element elementor-element-edbce72 elementor-widget elementor-widget-text-editor\" data-id=\"edbce72\" data-element_type=\"widget\" data-widget_type=\"text-editor.default\">\n\t\t\t\t<div class=\"elementor-widget-container\">\n\t\t\t\t\t\t\t<div class=\"field field-name-title\"><p><strong>Regulamin sklepu internetowego\u00a0<\/strong><\/p><p>Filar Co.<\/p><p><strong>\u00a71. <\/strong><strong>Postanowienia wst\u0119pne<\/strong><\/p><ol><li>Sklep internetowy internetowy Filar Co. Katarzyna Filar-Kupiec, dost\u0119pny pod adresem internetowym <a href=\"https:\/\/www.kasiafilar.com\/\">kasiafilar.com<\/a>, z siedzib\u0105 w ul.Grunwaldzka 66G, 32-540 Trzebinia , <strong>NIP\u00a0<\/strong><strong>628-214-73-02<\/strong><\/li><li>Niniejszy regulamin skierowany jest do Konsument\u00f3w i okre\u015bla zasady i tryb zawierania z Konsumentem Umowy Sprzeda\u017cy na odleg\u0142o\u015b\u0107 za po\u015brednictwem Sklepu.<\/li><\/ol><p><strong style=\"font-size: 16px;\">\u00a72. Spos\u00f3b sk\u0142adania zam\u00f3wienia<\/strong><\/p><\/div><div class=\"field field-name-body\"><ol><li>W przypadku zakupu ebooka lub planera post\u00f3w, towar udost\u0119pniany jest w e-mailu potwierdzaj\u0105cym zrealizowane zam\u00f3wienie .<\/li><li>Na stronie produktowej ka\u017cdego ebooka lub planera Sklep Internetowy\u00a0Filar Co. zamie\u015bci informacj\u0119 okre\u015blaj\u0105c\u0105 format, w kt\u00f3rym plik cyfrowy zosta\u0142 zapisany.<\/li><li>Ka\u017cdy\u00a0ebook lub planer zakupiony w Sklepie Internetowym\u00a0Filar Co. mo\u017cna uruchomi\u0107 na dowolnym urz\u0105dzeniu obs\u0142uguj\u0105cym format, w kt\u00f3rym plik cyfrowy zosta\u0142 pobrany.<\/li><\/ol><p><strong>\u00a73. Warunki realizacji zam\u00f3wienia<\/strong><\/p><ol><li>Zam\u00f3wienie zawieraj\u0105ce ebooka lub planer zostaje przekazane do realizacji w momencie otrzymania od podmiotu realizuj\u0105cego p\u0142atno\u015b\u0107 elektroniczn\u0105 potwierdzenia pozytywnej informacji o dokonaniu p\u0142atno\u015bci.<\/li><li>Po otrzymaniu informacji o dokonanej p\u0142atno\u015bci Sklep Internetowy\u00a0Filar Co. prze\u015ble wiadomo\u015b\u0107 na adres e-mail podany przez Klienta, kt\u00f3ra zawiera\u0107 b\u0119dzie:<ol><li>potwierdzenie otrzymania p\u0142atno\u015bci;<\/li><li>informacje odno\u015bnie sposobu pobrania ebooka lub planera.<\/li><\/ol><\/li><li>Je\u015bli zrealizowanie zam\u00f3wienia nie jest mo\u017cliwe, Sklep Internetowy Filar Co. poinformuje Klienta o zaistnia\u0142ej sytuacji przesy\u0142aj\u0105c wiadomo\u015b\u0107 na adres e-mail podany przez Klienta. W przypadku dokonania przez Klienta uprzedniej p\u0142atno\u015bci za takie zam\u00f3wienie, Sklep Internetowy Filar Co. dokona zwrotu wp\u0142aconych \u015brodk\u00f3w.<\/li><\/ol><p><strong>\u00a74. Odst\u0105pienie od umowy<\/strong><\/p><ol><li>Konsument ma prawo do rezygnacji z zam\u00f3wienia do momentu pobrania pliku cyfrowego ze Sklepu Internetowego\u00a0Filar Co. Sklep zwr\u00f3ci Klientowi uiszczon\u0105 przez Klienta nale\u017cno\u015b\u0107.<\/li><li>Prawo do odst\u0105pienia od umowy nie przys\u0142uguje Klientowi w odniesieniu do umowy o dostarczanie tre\u015bci cyfrowych, kt\u00f3re nie s\u0105 zapisane na no\u015bniku materialnym, je\u017celi spe\u0142nianie \u015bwiadczenia rozpocz\u0119\u0142o si\u0119 za wyra\u017an\u0105 zgod\u0105 konsumenta przed up\u0142ywem terminu do odst\u0105pienia od umowy i po poinformowaniu go przez Sklep o utracie prawa odst\u0105pienia od umowy (zgodnie z art. 38 ustawy z dnia 30 maja 2014 r. o prawach konsumenta &#8211; tekst jednolity z dnia 24 czerwca 2014 r., Dz. U. z 2014 r., poz. 827).<\/li><\/ol><p><strong>\u00a75. Zasady korzystania z ebook\u00f3w i planer\u00f3w<\/strong><\/p><ol><li>Zakupione i op\u0142acone ebooki i planery b\u0119d\u0105 dost\u0119pne dla Klienta\u00a0na stronie potwierdzaj\u0105cej z\u0142o\u017cenie zam\u00f3wienia oraz pod linkiem wys\u0142anym w wiadomo\u015bci e-mail.<\/li><li>W celu pobrania ebooka lub planera nale\u017cy klikn\u0105\u0107 na przycisk \u201ePobierz\u201d znajduj\u0105cy przy produkcie. Po klikni\u0119ciu zostanie udost\u0119pniony do pobrania plik.<\/li><li>Zaleca si\u0119 zapisywanie ebook\u00f3w i planera na no\u015bniku pami\u0119ci przez Klienta po dokonaniu zakupu. Sklep nie \u015bwiadczy us\u0142ugi przechowywania zakupionych plik\u00f3w cyfrowych na stronie internetowej www.kasiafilar.com, zatem Klient ponosi ryzyko niezapisania tych plik\u00f3w na odr\u0119bnym no\u015bniku pami\u0119ci.<\/li><li>Wszystkie ebooki i planery oferowane przez Sklep Internetowy\u00a0Filar Co. s\u0105 obj\u0119te ochron\u0105 przewidzian\u0105 w ustawie z dnia 4 lutego 1994 o prawie autorskim i prawach pokrewnych i mog\u0105 by\u0107 u\u017cywane wy\u0142\u0105cznie na zasadach okre\u015blonych w niniejszym regulaminie oraz w licencji.<\/li><li>Klient ma prawo korzysta\u0107 z ebook\u00f3w i planer\u00f3w wy\u0142\u0105cznie na w\u0142asny u\u017cytek zgodnie z powszechnie obowi\u0105zuj\u0105cymi przepisami prawa.<\/li><li>Klient w szczeg\u00f3lno\u015bci nie jest uprawniony do:<ol><li>rozpowszechniania ebook\u00f3w i planer\u00f3w lub ich opracowa\u0144 w ca\u0142o\u015bci lub we fragmentach;<\/li><li>utrwalania lub zwielokrotniania ebook\u00f3w i planer\u00f3w w celu ich rozpowszechniania;<\/li><li>komercyjnego wykorzystywania ebook\u00f3w i planer\u00f3w w jakikolwiek spos\u00f3b.<\/li><\/ol><\/li><li>Klient jest zobowi\u0105zany do dbania o to, aby osoby nieuprawnione nie korzysta\u0142y z ebook\u00f3w i planer\u00f3w w spos\u00f3b niezgodny z prawem, regulaminem oraz postanowieniami licencji.<\/li><\/ol><p><strong>\u00a76. Reklamacje<\/strong><\/p><ol><li>Klient mo\u017ce zg\u0142osi\u0107 reklamacje do Sklepu Internetowego\u00a0Filar Co., w szczeg\u00f3lno\u015bci w przypadku, gdy:<ol><li>zakupiony ebook lub planer oka\u017ce si\u0119 uszkodzony;<\/li><li>w ci\u0105gu 24 godzin od dokonania potwierdzonej p\u0142atno\u015bci elektronicznej za ebook lub planer nie zostanie mu udost\u0119pniona mo\u017cliwo\u015b\u0107 jego pobrania.<\/li><\/ol><\/li><li>Sklep ustosunkuje si\u0119 do reklamacji w terminie 14 (czterna\u015bcie) dni kalendarzowych.<\/li><\/ol><p><strong>\u00a77. Dane osobowe w Sklepie internetowym<\/strong><\/p><ol><li style=\"list-style-type: none;\"><ol><li style=\"list-style-type: none;\"><ol><li>Administratorem danych osobowych Klient\u00f3w zbieranych za po\u015brednictwem Sklepu internetowego jest Katarzyna Filar-Kupiec.<\/li><li>Dane osobowe Klient\u00f3w zbierane przez administratora za po\u015brednictwem Sklepu internetowego zbierane s\u0105 w celu realizacji Umowy Sprzeda\u017cy, a je\u017celi Klient wyrazi na to zgod\u0119 \u2013 tak\u017ce w celu marketingowym.<\/li><li>Odbiorcami danych osobowych Klient\u00f3w Sklepu internetowego mog\u0105 by\u0107:<\/li><li>W przypadku Klienta, kt\u00f3ry korzysta w Sklepie internetowym ze sposobu dostawy przesy\u0142k\u0105 pocztow\u0105 lub przesy\u0142k\u0105 kuriersk\u0105, Administrator udost\u0119pnia zebrane dane osobowe Klienta wybranemu przewo\u017anikowi lub po\u015brednikowi realizuj\u0105cemu przesy\u0142ki na zlecenie Administratora.<\/li><li>W przypadku Klienta, kt\u00f3ry korzysta w Sklepie internetowym ze sposobu p\u0142atno\u015bci elektronicznych lub kart\u0105 p\u0142atnicz\u0105 Administrator udost\u0119pnia zebrane dane osobowe Klienta, wybranemu podmiotowi obs\u0142uguj\u0105cemu powy\u017csze p\u0142atno\u015bci w Sklepie internetowym.<\/li><li>Klient ma prawo dost\u0119pu do tre\u015bci swoich danych oraz ich poprawiania.<\/li><li>Podanie danych osobowych jest dobrowolne, aczkolwiek niepodanie wskazanych w Regulaminie danych osobowych niezb\u0119dnych do zawarcia Umowy Sprzeda\u017cy skutkuje brakiem mo\u017cliwo\u015bci zawarcia tej\u017ce umowy. Wi\u0119cej informacji na stronie <a href=\"https:\/\/www.kasiafilar.com\/index.php\/polityka-prywatnosci\/\">Polityka Prywatno\u015bci<\/a>.<\/li><\/ol><\/li><\/ol><p>\u00a0<\/p><\/li><li style=\"list-style-type: none;\"><p><strong style=\"font-size: 16px;\">\u00a0 \u00a78. Postanowienia ko\u0144cowe<\/strong><\/p><\/li><\/ol><ol><li>W przypadku sprzeczno\u015bci z regulaminem Sklepu Internetowego Filar Co. zastosowanie znajduj\u0105 postanowienia niniejszego za\u0142\u0105cznika.<\/li><li>W sprawach nieuregulowanych odmiennie w niniejszym za\u0142\u0105czniku stosuje si\u0119 postanowienia regulaminu.<\/li><\/ol><\/div>\t\t\t\t\t\t<\/div>\n\t\t\t\t<\/div>\n\t\t\t\t\t<\/div>\n\t\t<\/div>\n\t\t\t\t\t\t\t<\/div>\n\t\t<\/section>\n\t\t\t\t\t\t\t<\/div>\n\t\t","protected":false},"excerpt":{"rendered":"<p>Regulamin sprzeda\u017cy Regulamin sklepu internetowego\u00a0 Filar Co. \u00a71. Postanowienia wst\u0119pne Sklep internetowy internetowy Filar Co. Katarzyna Filar-Kupiec, dost\u0119pny pod adresem internetowym kasiafilar.com, z siedzib\u0105 w ul.Grunwaldzka 66G, 32-540 Trzebinia , NIP\u00a0628-214-73-02 Niniejszy regulamin skierowany jest do Konsument\u00f3w i okre\u015bla zasady i tryb zawierania z Konsumentem Umowy Sprzeda\u017cy na odleg\u0142o\u015b\u0107 za po\u015brednictwem Sklepu. \u00a72. Spos\u00f3b sk\u0142adania &hellip;<\/p>\n<p class=\"read-more\"> <a class=\"\" href=\"https:\/\/www.kasiafilar.com\/index.php\/regulamin-sprzedazy\/\"> <span class=\"screen-reader-text\">Regulamin sprzeda\u017cy<\/span> Read More &raquo;<\/a><\/p>\n","protected":false},"author":1,"featured_media":0,"parent":0,"menu_order":0,"comment_status":"closed","ping_status":"closed","template":"","meta":{"_monsterinsights_skip_tracking":false,"_monsterinsights_sitenote_active":false,"_monsterinsights_sitenote_note":"","_monsterinsights_sitenote_category":0,"site-sidebar-layout":"no-sidebar","site-content-layout":"page-builder","ast-global-header-display":"","ast-main-header-display":"","ast-hfb-above-header-display":"","ast-hfb-below-header-display":"","ast-hfb-mobile-header-display":"","site-post-title":"disabled","ast-breadcrumbs-content":"","ast-featured-img":"disabled","footer-sml-layout":"","theme-transparent-header-meta":"default","adv-header-id-meta":"","stick-header-meta":"","header-above-stick-meta":"","header-main-stick-meta":"","header-below-stick-meta":"","footnotes":""},"jetpack_sharing_enabled":true,"_links":{"self":[{"href":"https:\/\/www.kasiafilar.com\/index.php\/wp-json\/wp\/v2\/pages\/809"}],"collection":[{"href":"https:\/\/www.kasiafilar.com\/index.php\/wp-json\/wp\/v2\/pages"}],"about":[{"href":"https:\/\/www.kasiafilar.com\/index.php\/wp-json\/wp\/v2\/types\/page"}],"author":[{"embeddable":true,"href":"https:\/\/www.kasiafilar.com\/index.php\/wp-json\/wp\/v2\/users\/1"}],"replies":[{"embeddable":true,"href":"https:\/\/www.kasiafilar.com\/index.php\/wp-json\/wp\/v2\/comments?post=809"}],"version-history":[{"count":18,"href":"https:\/\/www.kasiafilar.com\/index.php\/wp-json\/wp\/v2\/pages\/809\/revisions"}],"predecessor-version":[{"id":858,"href":"https:\/\/www.kasiafilar.com\/index.php\/wp-json\/wp\/v2\/pages\/809\/revisions\/858"}],"wp:attachment":[{"href":"https:\/\/www.kasiafilar.com\/index.php\/wp-json\/wp\/v2\/media?parent=809"}],"curies":[{"name":"wp","href":"https:\/\/api.w.org\/{rel}","templated":true}]}}